{"id":21,"date":"2024-07-24T20:39:15","date_gmt":"2024-07-24T18:39:15","guid":{"rendered":"https:\/\/cloudguardpro.com\/?page_id=21"},"modified":"2024-07-30T16:23:54","modified_gmt":"2024-07-30T14:23:54","slug":"accueil","status":"publish","type":"page","link":"https:\/\/cloudguardpro.com\/","title":{"rendered":"Accueil"},"content":{"rendered":"\n<div class=\"wp-block-cover alignfull\" style=\"min-height:720px;aspect-ratio:unset;\"><span aria-hidden=\"true\" class=\"wp-block-cover__background has-ast-global-color-0-background-color has-background-dim-100 has-background-dim\"><\/span><div class=\"wp-block-cover__inner-container is-layout-flow wp-block-cover-is-layout-flow\">\n<div style=\"height:28px\" aria-hidden=\"true\" class=\"wp-block-spacer\"><\/div>\n\n\n\n<div class=\"inherit-container-width wp-block-group alignwide is-layout-constrained wp-block-group-is-layout-constrained\">\n<div class=\"wp-block-media-text alignwide has-media-on-the-right is-stacked-on-mobile is-vertically-aligned-center\" style=\"grid-template-columns:auto 43%\"><div class=\"wp-block-media-text__content\">\n<h1 class=\"wp-block-heading has-text-align-left has-white-color has-text-color has-large-font-size\">Votre Partenaire Infog\u00e9rance de Confiance, Toujours au plus Proche de Vous!<\/h1>\n\n\n\n<p>Bienvenue chez CloudGuardPro, o\u00f9 la proximit\u00e9 avec nos clients et la fiabilit\u00e9 de nos services sont au c\u0153ur de notre engagement. Nous offrons des solutions d&rsquo;infog\u00e9rance personnalis\u00e9es et innovantes pour r\u00e9pondre \u00e0 tous vos besoins en mati\u00e8re de gestion informatique. Avec notre \u00e9quipe d&rsquo;experts d\u00e9di\u00e9s, b\u00e9n\u00e9ficiez d&rsquo;un support r\u00e9actif et d&rsquo;une assistance continue pour garantir la performance et la s\u00e9curit\u00e9 de votre infrastructure informatique. Faites confiance \u00e0 CloudGuardPro pour un partenariat solide et durable, centr\u00e9 sur votre satisfaction avec des solutions adapt\u00e9es \u00e0 votre budget.<\/p>\n\n\n\n<div class=\"wp-block-buttons is-layout-flex wp-block-buttons-is-layout-flex\">\n<div class=\"wp-block-button\"><a class=\"wp-block-button__link wp-element-button\" href=\"https:\/\/cloudguardpro.com\/?page_id=158\">CONTACTEZ-NOUS<\/a><\/div>\n<\/div>\n<\/div><figure class=\"wp-block-media-text__media\"><img decoding=\"async\" src=\"https:\/\/cloudguardpro.com\/wp-content\/themes\/astra\/inc\/assets\/images\/starter-content\/hero-img.svg\" alt=\"\" class=\"wp-image-118 size-full\"\/><\/figure><\/div>\n<\/div>\n<\/div><\/div>\n\n\n\n<div class=\"wp-block-group alignfull has-ast-global-color-5-background-color has-background is-layout-constrained wp-container-core-group-is-layout-9cedb757 wp-block-group-is-layout-constrained\" style=\"padding-bottom:0px\">\n<div class=\"wp-block-columns are-vertically-aligned-top is-layout-flex wp-container-core-columns-is-layout-00723822 wp-block-columns-is-layout-flex\">\n<div class=\"wp-block-column is-vertically-aligned-top is-layout-flow wp-container-core-column-is-layout-6b73ce23 wp-block-column-is-layout-flow\">\n<figure class=\"wp-block-image aligncenter size-full\"><img decoding=\"async\" width=\"94\" height=\"94\" src=\"http:\/\/cloudguardpro.com\/wp-content\/uploads\/2024\/07\/icons8-serveur-94.png\" alt=\"\" class=\"wp-image-273\"\/><\/figure>\n\n\n\n<h3 class=\"wp-block-heading has-text-align-left\" style=\"margin-top:16px\">Administration Syst\u00e8me Linux<\/h3>\n\n\n\n<p class=\"has-text-align-left\"><strong>Pour garantir le bon fonctionnement de vos syst\u00e8mes d\u2019information<\/strong>, une gestion experte est indispensable. Si vous manquez de comp\u00e9tences internes, cela peut freiner votre activit\u00e9. Nos administrateurs syst\u00e8me GNU\/Linux sont sp\u00e9cialis\u00e9s dans la gestion de vos syst\u00e8mes d\u2019information, vous lib\u00e9rant des contraintes techniques pour vous concentrer sur votre c\u0153ur de m\u00e9tier.<\/p>\n\n\n\n<p><strong>Nous accompagnons et g\u00e9rons \u00e9galement vos h\u00e9bergements web<\/strong>, en assurant leur performance optimale et leur disponibilit\u00e9 constante. Qu&rsquo;il s&rsquo;agisse d&rsquo;h\u00e9bergement partag\u00e9, d\u00e9di\u00e9 ou en cloud, nous mettons en place et supervisons des solutions adapt\u00e9es pour r\u00e9pondre \u00e0 vos besoins sp\u00e9cifiques et garantir une exp\u00e9rience utilisateur fluide et fiable.<\/p>\n<\/div>\n\n\n\n<div class=\"wp-block-column is-vertically-aligned-top is-layout-flow wp-container-core-column-is-layout-6b73ce23 wp-block-column-is-layout-flow\">\n<figure class=\"wp-block-image aligncenter size-full is-resized\"><img decoding=\"async\" width=\"64\" height=\"64\" src=\"http:\/\/cloudguardpro.com\/wp-content\/uploads\/2024\/07\/icons8-tache-systeme-64.png\" alt=\"\" class=\"wp-image-274\" style=\"width:106px;height:auto\"\/><\/figure>\n\n\n\n<h3 class=\"wp-block-heading has-text-align-left\" style=\"margin-top:16px\">Monitoring<\/h3>\n\n\n\n<p class=\"has-text-align-left\"><strong>Nous assurons le Monitoring<\/strong> <strong>de tous les serveurs 24h\/24<\/strong>. En cas d&rsquo;alerte, nos actions sont imm\u00e9diates et nos interventions, toujours consid\u00e9r\u00e9es comme essentielles, sont effectu\u00e9es avec la plus grande rapidit\u00e9 possible.<\/p>\n\n\n\n<p><strong>R\u00e9activit\u00e9 Exceptionnelle :<\/strong> Nous nous engageons \u00e0 r\u00e9pondre rapidement \u00e0 toutes vos demandes, avec des d\u00e9lais de traitement optimal pour minimiser les interruptions de votre activit\u00e9.<\/p>\n\n\n\n<p>En plus de notre r\u00e9activit\u00e9, nous proposons des rapports d\u00e9taill\u00e9s et r\u00e9guliers sur l&rsquo;\u00e9tat de vos serveurs. Cela inclut des analyses de performance, des alertes anticip\u00e9es sur les \u00e9ventuels probl\u00e8mes et des recommandations pour am\u00e9liorer l&rsquo;efficacit\u00e9 de votre infrastructure. Gr\u00e2ce \u00e0 notre surveillance proactive, vous pouvez \u00eatre certain que vos syst\u00e8mes fonctionnent toujours \u00e0 leur meilleur niveau de production.<\/p>\n<\/div>\n\n\n\n<div class=\"wp-block-column is-vertically-aligned-top is-layout-flow wp-container-core-column-is-layout-6b73ce23 wp-block-column-is-layout-flow\">\n<figure class=\"wp-block-image aligncenter size-full is-resized\"><img fetchpriority=\"high\" decoding=\"async\" width=\"1920\" height=\"1920\" src=\"http:\/\/cloudguardpro.com\/wp-content\/uploads\/2024\/07\/vecteezy_24-hours-call-center-icon-vector-247-support-icon-sign_5755285.jpg\" alt=\"\" class=\"wp-image-301\" style=\"width:111px;height:auto\" srcset=\"https:\/\/cloudguardpro.com\/wp-content\/uploads\/2024\/07\/vecteezy_24-hours-call-center-icon-vector-247-support-icon-sign_5755285.jpg 1920w, https:\/\/cloudguardpro.com\/wp-content\/uploads\/2024\/07\/vecteezy_24-hours-call-center-icon-vector-247-support-icon-sign_5755285-300x300.jpg 300w, https:\/\/cloudguardpro.com\/wp-content\/uploads\/2024\/07\/vecteezy_24-hours-call-center-icon-vector-247-support-icon-sign_5755285-1024x1024.jpg 1024w, https:\/\/cloudguardpro.com\/wp-content\/uploads\/2024\/07\/vecteezy_24-hours-call-center-icon-vector-247-support-icon-sign_5755285-150x150.jpg 150w, https:\/\/cloudguardpro.com\/wp-content\/uploads\/2024\/07\/vecteezy_24-hours-call-center-icon-vector-247-support-icon-sign_5755285-768x768.jpg 768w, https:\/\/cloudguardpro.com\/wp-content\/uploads\/2024\/07\/vecteezy_24-hours-call-center-icon-vector-247-support-icon-sign_5755285-1536x1536.jpg 1536w\" sizes=\"(max-width: 1920px) 100vw, 1920px\" \/><\/figure>\n\n\n\n<h3 class=\"wp-block-heading has-text-align-left\" style=\"margin-top:16px\">Support Technique<\/h3>\n\n\n\n<p class=\"has-text-align-left\"><strong>Notre support technique<\/strong> est con\u00e7u pour r\u00e9pondre \u00e0 vos besoins avec une efficacit\u00e9 optimale. Nous offrons une assistance experte et r\u00e9active pour r\u00e9soudre tous vos probl\u00e8mes informatiques, que ce soit pour des questions courantes ou des situations complexes.<\/p>\n\n\n\n<p><strong>Disponibilit\u00e9 24\/7 :<\/strong> Notre \u00e9quipe est disponible en permanence pour vous aider, assurant ainsi que vous ne restiez jamais sans soutien en cas de besoin urgent.<\/p>\n\n\n\n<p><strong>Expertise Qualifi\u00e9e :<\/strong> Nos techniciens poss\u00e8dent une expertise approfondie dans divers domaines de l&rsquo;informatique et sont form\u00e9s pour r\u00e9soudre efficacement tout type de probl\u00e8me, qu\u2019il soit pr\u00e9ventif ou correctif.<\/p>\n\n\n\n<p><strong>Multi Canal Possible:<\/strong> Vous avez un canal de communication pr\u00e9f\u00e9r\u00e9 ? Aucun souci, faites-le nous savoir !<\/p>\n<\/div>\n\n\n\n<div class=\"wp-block-column is-vertically-aligned-top is-layout-flow wp-container-core-column-is-layout-6b73ce23 wp-block-column-is-layout-flow\">\n<figure class=\"wp-block-image aligncenter size-full is-resized\"><img loading=\"lazy\" decoding=\"async\" width=\"100\" height=\"100\" src=\"http:\/\/cloudguardpro.com\/wp-content\/uploads\/2024\/07\/icons8-bouclier-de-securite-100.png\" alt=\"\" class=\"wp-image-279\" style=\"width:112px;height:auto\"\/><\/figure>\n\n\n\n<h3 class=\"wp-block-heading has-text-align-left\" style=\"margin-top:16px\">S\u00e9curit\u00e9<\/h3>\n\n\n\n<p class=\"has-text-align-left\"><strong>S\u00e9curit\u00e9 des Syst\u00e8mes :<\/strong> La s\u00e9curit\u00e9 de vos syst\u00e8mes d\u2019information est notre priorit\u00e9. Nous mettons en place des mesures robustes pour prot\u00e9ger vos donn\u00e9es contre les menaces potentielles. Nous  effectuons des audits r\u00e9guliers, installons des solutions de s\u00e9curit\u00e9 avanc\u00e9es, et surveillons en continu vos syst\u00e8mes pour d\u00e9tecter et neutraliser toute tentative d\u2019intrusion ou de cyberattaque. Vous pouvez ainsi avoir l&rsquo;esprit tranquille, sachant que vos informations sont en s\u00e9curit\u00e9.<\/p>\n\n\n\n<p class=\"has-text-align-left\"><strong>Conseil en Infrastructures :<\/strong> Nous vous offrons un conseil strat\u00e9gique sur les infrastructures \u00e0 mettre en place pour optimiser la performance et la s\u00e9curit\u00e9 de votre environnement informatique. Nous analysons vos besoins sp\u00e9cifiques, \u00e9valuons les meilleures solutions technologiques, et vous guidons dans le choix des architectures les plus adapt\u00e9es. Notre objectif est de concevoir une infrastructure qui non seulement r\u00e9pond \u00e0 vos besoins actuels, mais aussi \u00e9volue avec vos objectifs futurs.<\/p>\n<\/div>\n<\/div>\n<\/div>\n\n\n\n<div style=\"height:43px\" aria-hidden=\"true\" class=\"wp-block-spacer\"><\/div>\n\n\n\n<h3 class=\"wp-block-heading has-text-align-center has-large-font-size\">Nos Services<\/h3>\n\n\n\n<p>Nos services incluent un forfait d&rsquo;infog\u00e9rance serveur cl\u00e9 en main sans surco\u00fbt, avec monitoring 24\/7 et une garantie de r\u00e9tablissement en moins de 3 heures. Nous assurons \u00e9galement des sauvegardes et restaurations avec haute disponibilit\u00e9 pour un acc\u00e8s constant et s\u00e9curis\u00e9 \u00e0 vos donn\u00e9es.<\/p>\n\n\n\n<p>Notre offre d&rsquo;h\u00e9bergement web couvre la gestion compl\u00e8te des sites et des domaines, incluant les sauvegardes, la gestion des DNS, et les certificats SSL. Nous garantissons une surveillance continue pour maintenir votre pr\u00e9sence en ligne optimale et prot\u00e9g\u00e9e.<\/p>\n\n\n\n<p>En mati\u00e8re de conseil et de s\u00e9curit\u00e9, nous vous aidons \u00e0 concevoir une architecture cloud optimale pour la redondance et la haute disponibilit\u00e9, tout en contr\u00f4lant les co\u00fbts. Nous vous guidons pour choisir des solutions s\u00e9curis\u00e9es et adapt\u00e9es \u00e0 vos besoins.<\/p>\n\n\n\n<p>Nous sommes \u00e9galement experts dans la cr\u00e9ation de serveurs SMTP assurant un taux de livraison de 100 % dans les bo\u00eetes de r\u00e9ception, \u00e9liminant les probl\u00e8mes de non-d\u00e9livrance et de spam, pour pr\u00e9server votre image de marque et garantir des communications efficaces.<\/p>\n\n\n\n<div class=\"wp-block-buttons is-content-justification-center is-layout-flex wp-container-core-buttons-is-layout-a89b3969 wp-block-buttons-is-layout-flex\">\n<div class=\"wp-block-button\"><a class=\"wp-block-button__link wp-element-button\" href=\"https:\/\/cloudguardpro.com\/?page_id=282\">Tout nos Services<\/a><\/div>\n<\/div>\n\n\n\n<div style=\"height:60px\" aria-hidden=\"true\" class=\"wp-block-spacer\"><\/div>\n\n\n\n<h3 class=\"wp-block-heading has-large-font-size\" style=\"padding-right:40px\">Optimisez Votre Infrastructure et Concentrez-Vous sur Votre C\u0153ur de M\u00e9tier gr\u00e2ce \u00e0 Notre Savoir-Faire !<\/h3>\n\n\n\n<p>Forts de notre expertise reconnue dans le domaine de l&rsquo;infog\u00e9rance et de la gestion de l&rsquo;h\u00e9bergement web, nous nous engageons \u00e0 aider les entreprises \u00e0 maintenir et \u00e0 am\u00e9liorer leurs activit\u00e9s. Gr\u00e2ce \u00e0 nos solutions de pointe et \u00e0 notre \u00e9quipe d&rsquo;experts d\u00e9di\u00e9s, nous assurons une gestion fluide et s\u00e9curis\u00e9e de vos infrastructures, vous permettant ainsi de vous concentrer pleinement sur votre c\u0153ur de m\u00e9tier. En nous confiant la gestion de vos syst\u00e8mes informatiques, vous b\u00e9n\u00e9ficiez d&rsquo;une tranquillit\u00e9 d&rsquo;esprit, sachant que vos op\u00e9rations sont entre de bonnes mains. Nous sommes fiers de contribuer \u00e0 la r\u00e9ussite de nos clients en leur offrant des services de haute qualit\u00e9, fiables et efficaces, qui soutiennent et dynamisent leur croissance.<\/p>\n\n\n\n<div style=\"height:60px\" aria-hidden=\"true\" class=\"wp-block-spacer\"><\/div>\n\n\n\n<h3 class=\"wp-block-heading has-text-align-center has-large-font-size\">Tarifs<\/h3>\n\n\n\n<p style=\"font-size:22px;line-height:1.6\"><strong>Nous proposons des solutions adapt\u00e9es pour l\u2019infog\u00e9rance serveur, l\u2019h\u00e9bergement web, le conseil et la s\u00e9curit\u00e9. Nos forfaits incluent tous les \u00e9l\u00e9ments essentiels sans frais cach\u00e9s, vous assurant des performances optimales \u00e0 un prix fixe et pr\u00e9visible. Nous nous engageons \u00e0 offrir des services de haute qualit\u00e9 \u00e0 des tarifs comp\u00e9titifs. Pour une \u00e9valuation personnalis\u00e9e de vos besoins, contactez-nous afin de discuter des options les mieux adapt\u00e9es \u00e0 votre entreprise.<\/strong><\/p>\n\n\n\n<div style=\"height:60px\" aria-hidden=\"true\" class=\"wp-block-spacer\"><\/div>\n\n\n\n<div class=\"wp-block-buttons is-content-justification-center is-layout-flex wp-container-core-buttons-is-layout-a89b3969 wp-block-buttons-is-layout-flex\">\n<div class=\"wp-block-button\"><a class=\"wp-block-button__link wp-element-button\" href=\"https:\/\/cloudguardpro.com\/?page_id=158\">Une Question, Un Devis, Contactez-Nous !<\/a><\/div>\n<\/div>\n\n\n\n<div class=\"wp-block-columns is-layout-flex wp-container-core-columns-is-layout-29aadeec wp-block-columns-is-layout-flex\" style=\"margin-top:60px\">\n<div class=\"wp-block-column is-vertically-aligned-top is-layout-flow wp-container-core-column-is-layout-6b73ce23 wp-block-column-is-layout-flow\">\n<figure class=\"wp-block-image aligncenter size-large\"><img decoding=\"async\" src=\"https:\/\/cloudguardpro.com\/wp-content\/themes\/astra\/inc\/assets\/images\/starter-content\/passionate.svg\" alt=\"\" class=\"wp-image-162\"\/><\/figure>\n\n\n\n<h3 class=\"wp-block-heading has-text-align-center\" style=\"margin-top:16px\">Passionn\u00e9<\/h3>\n\n\n\n<p class=\"has-text-align-center\">En tant que passionn\u00e9s d&rsquo;infrastructure et de technologie, nous investissons toute notre \u00e9nergie et notre expertise dans chaque projet. Notre engagement est de vous fournir des solutions innovantes et de haute qualit\u00e9, refl\u00e9tant notre passion pour l&rsquo;excellence et la satisfaction de nos clients.<\/p>\n<\/div>\n\n\n\n<div class=\"wp-block-column is-vertically-aligned-top is-layout-flow wp-container-core-column-is-layout-6b73ce23 wp-block-column-is-layout-flow\">\n<figure class=\"wp-block-image aligncenter size-large\"><img decoding=\"async\" src=\"https:\/\/cloudguardpro.com\/wp-content\/themes\/astra\/inc\/assets\/images\/starter-content\/professional.svg\" alt=\"\" class=\"wp-image-163\"\/><\/figure>\n\n\n\n<h3 class=\"wp-block-heading has-text-align-center\" style=\"margin-top:16px\">Excellence<\/h3>\n\n\n\n<p>Chez nous, le professionnalisme est au c\u0153ur de tout ce que nous faisons. Nous nous engageons \u00e0 fournir des solutions de pointe avec un niveau de service exceptionnel. Notre \u00e9quipe allie expertise technique et rigueur, garantissant une approche m\u00e9ticuleuse et adapt\u00e9e \u00e0 vos besoins sp\u00e9cifiques. Nous visons \u00e0 d\u00e9passer vos attentes en offrant des solutions fiables et efficaces, tout en maintenant un haut niveau de transparence et de communication. Votre satisfaction est notre priorit\u00e9, et notre engagement envers l&rsquo;excellence est ce qui distingue notre service.<\/p>\n<\/div>\n\n\n\n<div class=\"wp-block-column is-vertically-aligned-top is-layout-flow wp-container-core-column-is-layout-6b73ce23 wp-block-column-is-layout-flow\">\n<figure class=\"wp-block-image aligncenter size-large\"><img decoding=\"async\" src=\"https:\/\/cloudguardpro.com\/wp-content\/themes\/astra\/inc\/assets\/images\/starter-content\/support.svg\" alt=\"\" class=\"wp-image-164\"\/><\/figure>\n\n\n\n<h3 class=\"wp-block-heading has-text-align-center\" style=\"margin-top:16px\">Support<\/h3>\n\n\n\n<p>Notre \u00e9quipe de support est enti\u00e8rement d\u00e9di\u00e9e \u00e0 vous fournir une assistance rapide et efficace. Nous sommes disponibles pour r\u00e9pondre \u00e0 toutes vos questions et r\u00e9soudre vos probl\u00e8mes avec une r\u00e9activit\u00e9 maximale. Gr\u00e2ce \u00e0 notre expertise approfondie et \u00e0 notre approche orient\u00e9e client, nous nous assurons que chaque demande est trait\u00e9e avec le plus grand soin et la plus haute priorit\u00e9. Que vous ayez besoin d\u2019une aide technique ou d\u2019une assistance pour optimiser vos services, nous sommes l\u00e0 pour vous accompagner \u00e0 chaque \u00e9tape, garantissant une exp\u00e9rience sans faille et une tranquillit\u00e9 d\u2019esprit totale.<\/p>\n<\/div>\n<\/div>\n\n\n\n<div class=\"wp-block-group alignfull has-background is-layout-constrained wp-container-core-group-is-layout-cfcca693 wp-block-group-is-layout-constrained\" id=\"contact\" style=\"background:linear-gradient(35deg,rgb(6,0,151) 0%,rgb(130,4,255) 64%,rgb(193,15,255) 98%);padding-top:104px;padding-bottom:104px\">\n<div class=\"wp-block-buttons alignwide is-horizontal is-content-justification-center is-layout-flex wp-container-core-buttons-is-layout-bba8380a wp-block-buttons-is-layout-flex\" style=\"margin-top:50px\">\n<div class=\"wp-block-button\"><a class=\"wp-block-button__link has-text-align-center wp-element-button\" href=\"https:\/\/cloudguardpro.com\/?page_id=158\">CONTACTEZ-NOUS<\/a><\/div>\n<\/div>\n<\/div>\n","protected":false},"excerpt":{"rendered":"<p>Administration Syst\u00e8me Linux Pour garantir le bon fonctionnement de vos syst\u00e8mes d\u2019information, une gestion experte est indispensable. Si vous manquez [&hellip;]<\/p>\n","protected":false},"author":1,"featured_media":0,"parent":0,"menu_order":0,"comment_status":"closed","ping_status":"closed","template":"","meta":{"site-sidebar-layout":"no-sidebar","site-content-layout":"plain-container","ast-site-content-layout":"default","site-content-style":"default","site-sidebar-style":"default","ast-global-header-display":"","ast-banner-title-visibility":"","ast-main-header-display":"","ast-hfb-above-header-display":"","ast-hfb-below-header-display":"","ast-hfb-mobile-header-display":"","site-post-title":"disabled","ast-breadcrumbs-content":"","ast-featured-img":"","footer-sml-layout":"","theme-transparent-header-meta":"enabled","adv-header-id-meta":"","stick-header-meta":"","header-above-stick-meta":"","header-main-stick-meta":"","header-below-stick-meta":"","astra-migrate-meta-layouts":"default","ast-page-background-enabled":"default","ast-page-background-meta":{"desktop":{"background-color":"var(--ast-global-color-4)","background-image":"","background-repeat":"repeat","background-position":"center center","background-size":"auto","background-attachment":"scroll","background-type":"","background-media":"","overlay-type":"","overlay-color":"","overlay-opacity":"","overlay-gradient":""},"tablet":{"background-color":"","background-image":"","background-repeat":"repeat","background-position":"center center","background-size":"auto","background-attachment":"scroll","background-type":"","background-media":"","overlay-type":"","overlay-color":"","overlay-opacity":"","overlay-gradient":""},"mobile":{"background-color":"","background-image":"","background-repeat":"repeat","background-position":"center center","background-size":"auto","background-attachment":"scroll","background-type":"","background-media":"","overlay-type":"","overlay-color":"","overlay-opacity":"","overlay-gradient":""}},"ast-content-background-meta":{"desktop":{"background-color":"var(--ast-global-color-5)","background-image":"","background-repeat":"repeat","background-position":"center center","background-size":"auto","background-attachment":"scroll","background-type":"","background-media":"","overlay-type":"","overlay-color":"","overlay-opacity":"","overlay-gradient":""},"tablet":{"background-color":"var(--ast-global-color-5)","background-image":"","background-repeat":"repeat","background-position":"center center","background-size":"auto","background-attachment":"scroll","background-type":"","background-media":"","overlay-type":"","overlay-color":"","overlay-opacity":"","overlay-gradient":""},"mobile":{"background-color":"var(--ast-global-color-5)","background-image":"","background-repeat":"repeat","background-position":"center center","background-size":"auto","background-attachment":"scroll","background-type":"","background-media":"","overlay-type":"","overlay-color":"","overlay-opacity":"","overlay-gradient":""}},"footnotes":""},"class_list":["post-21","page","type-page","status-publish","hentry"],"_links":{"self":[{"href":"https:\/\/cloudguardpro.com\/index.php?rest_route=\/wp\/v2\/pages\/21","targetHints":{"allow":["GET"]}}],"collection":[{"href":"https:\/\/cloudguardpro.com\/index.php?rest_route=\/wp\/v2\/pages"}],"about":[{"href":"https:\/\/cloudguardpro.com\/index.php?rest_route=\/wp\/v2\/types\/page"}],"author":[{"embeddable":true,"href":"https:\/\/cloudguardpro.com\/index.php?rest_route=\/wp\/v2\/users\/1"}],"replies":[{"embeddable":true,"href":"https:\/\/cloudguardpro.com\/index.php?rest_route=%2Fwp%2Fv2%2Fcomments&post=21"}],"version-history":[{"count":102,"href":"https:\/\/cloudguardpro.com\/index.php?rest_route=\/wp\/v2\/pages\/21\/revisions"}],"predecessor-version":[{"id":308,"href":"https:\/\/cloudguardpro.com\/index.php?rest_route=\/wp\/v2\/pages\/21\/revisions\/308"}],"wp:attachment":[{"href":"https:\/\/cloudguardpro.com\/index.php?rest_route=%2Fwp%2Fv2%2Fmedia&parent=21"}],"curies":[{"name":"wp","href":"https:\/\/api.w.org\/{rel}","templated":true}]}}